{"id":22,"date":"2019-01-06T12:56:57","date_gmt":"2019-01-06T11:56:57","guid":{"rendered":"http:\/\/www.steppenwolf-weserbergland.de\/?page_id=22"},"modified":"2023-10-10T20:48:24","modified_gmt":"2023-10-10T18:48:24","slug":"impressum","status":"publish","type":"page","link":"http:\/\/www.steppenwolf-weserbergland.de\/?page_id=22","title":{"rendered":"Impressum"},"content":{"rendered":"\n<p>STEPPENWOLF MC &#8211; Weserbergland <br>Agnes-Nordmeier-Weg 8 <br>31737 Rinteln \/OT Deckbergen<br><\/p>\n\n\n\n<h3 class=\"wp-block-heading\">Kontakt <\/h3>\n\n\n\n<p>e-Mail: <strong>&nbsp;<\/strong>admin@steppenwolf-weserbergland.de<\/p>\n\n\n\n<h3 class=\"wp-block-heading\">Haftungshinweise <\/h3>\n\n\n\n<p>Auf dieser Website befinden sich Links zu anderen Inhalten im  Internet. Trotz sorgf\u00e4ltiger Kontrolle \u00fcbernimmt der Herausgeber keinerlei Haftung f\u00fcr die Inhalte externer Links. Sie lehnt jede Verantwortung f\u00fcr die Gestaltung oder Inhalt der verlinkten Seite ab;  hierf\u00fcr sind ausschlie\u00dflich deren Betreiber verantwortlich.  <\/p>\n\n\n\n<p>\u00a9 2019 STEPPENWOLF MC &#8211; Weserbergland<br>Alle Rechte vorbehalten. <br>Stand Januar 2019. <br>Alle Angaben ohne Gew\u00e4hr. <\/p>\n","protected":false},"excerpt":{"rendered":"<p>STEPPENWOLF MC &#8211; Weserbergland Agnes-Nordmeier-Weg 8 31737 Rinteln \/OT Deckbergen Kontakt e-Mail: &nbsp;admin@steppenwolf-weserbergland.de Haftungshinweise Auf dieser Website befinden sich Links zu anderen Inhalten im Internet. Trotz sorgf\u00e4ltiger Kontrolle \u00fcbernimmt der Herausgeber keinerlei Haftung f\u00fcr die Inhalte externer Links. Sie lehnt jede Verantwortung f\u00fcr die Gestaltung oder Inhalt der verlinkten Seite ab; hierf\u00fcr sind ausschlie\u00dflich deren &hellip; <\/p>\n<p class=\"link-more\"><a href=\"http:\/\/www.steppenwolf-weserbergland.de\/?page_id=22\" class=\"more-link\"><span class=\"screen-reader-text\">\u201eImpressum\u201c <\/span>weiterlesen<\/a><\/p>\n","protected":false},"author":5,"featured_media":0,"parent":0,"menu_order":3,"comment_status":"closed","ping_status":"closed","template":"","meta":{"footnotes":""},"class_list":["post-22","page","type-page","status-publish","hentry"],"_links":{"self":[{"href":"http:\/\/www.steppenwolf-weserbergland.de\/index.php?rest_route=\/wp\/v2\/pages\/22","targetHints":{"allow":["GET"]}}],"collection":[{"href":"http:\/\/www.steppenwolf-weserbergland.de\/index.php?rest_route=\/wp\/v2\/pages"}],"about":[{"href":"http:\/\/www.steppenwolf-weserbergland.de\/index.php?rest_route=\/wp\/v2\/types\/page"}],"author":[{"embeddable":true,"href":"http:\/\/www.steppenwolf-weserbergland.de\/index.php?rest_route=\/wp\/v2\/users\/5"}],"replies":[{"embeddable":true,"href":"http:\/\/www.steppenwolf-weserbergland.de\/index.php?rest_route=%2Fwp%2Fv2%2Fcomments&post=22"}],"version-history":[{"count":12,"href":"http:\/\/www.steppenwolf-weserbergland.de\/index.php?rest_route=\/wp\/v2\/pages\/22\/revisions"}],"predecessor-version":[{"id":131,"href":"http:\/\/www.steppenwolf-weserbergland.de\/index.php?rest_route=\/wp\/v2\/pages\/22\/revisions\/131"}],"wp:attachment":[{"href":"http:\/\/www.steppenwolf-weserbergland.de\/index.php?rest_route=%2Fwp%2Fv2%2Fmedia&parent=22"}],"curies":[{"name":"wp","href":"https:\/\/api.w.org\/{rel}","templated":true}]}}